{"id":6404,"date":"2023-09-03T20:04:15","date_gmt":"2023-09-03T20:04:15","guid":{"rendered":"https:\/\/webtest.sensobright.com\/?page_id=6404"},"modified":"2024-01-22T22:26:02","modified_gmt":"2024-01-22T22:26:02","slug":"advisory-board","status":"publish","type":"page","link":"https:\/\/webtest.sensobright.com\/indexphp\/advisory-board\/","title":{"rendered":"Advisory Board"},"content":{"rendered":"\t\t<div data-elementor-type=\"wp-page\" data-elementor-id=\"6404\" class=\"elementor elementor-6404\">\n\t\t\t\t\t\t<section class=\"elementor-section elementor-top-section elementor-element elementor-element-328f2f8d elementor-section-content-middle elementor-section-full_width elementor-section-height-default elementor-section-height-default\" data-id=\"328f2f8d\" data-element_type=\"section\" data-settings=\"{&quot;background_background&quot;:&quot;classic&quot;}\">\n\t\t\t\t\t\t<div class=\"elementor-container elementor-column-gap-no\">\n\t\t\t\t\t<div class=\"elementor-column elementor-col-100 elementor-top-column elementor-element elementor-element-3e30837f\" data-id=\"3e30837f\" data-element_type=\"column\">\n\t\t\t<div class=\"elementor-widget-wrap elementor-element-populated\">\n\t\t\t\t\t\t<div class=\"elementor-element elementor-element-7334ffdb elementor-widget elementor-widget-heading\" data-id=\"7334ffdb\" data-element_type=\"widget\" data-widget_type=\"heading.default\">\n\t\t\t\t<div class=\"elementor-widget-container\">\n\t\t\t<style>\/*! elementor - v3.20.0 - 13-03-2024 *\/\n.elementor-heading-title{padding:0;margin:0;line-height:1}.elementor-widget-heading .elementor-heading-title[class*=elementor-size-]>a{color:inherit;font-size:inherit;line-height:inherit}.elementor-widget-heading .elementor-heading-title.elementor-size-small{font-size:15px}.elementor-widget-heading .elementor-heading-title.elementor-size-medium{font-size:19px}.elementor-widget-heading .elementor-heading-title.elementor-size-large{font-size:29px}.elementor-widget-heading .elementor-heading-title.elementor-size-xl{font-size:39px}.elementor-widget-heading .elementor-heading-title.elementor-size-xxl{font-size:59px}<\/style><h4 class=\"elementor-heading-title elementor-size-default\">advisory board<\/h4>\t\t<\/div>\n\t\t\t\t<\/div>\n\t\t\t\t<section class=\"elementor-section elementor-inner-section elementor-element elementor-element-aaad104 elementor-section-full_width elementor-hidden-widescreen elementor-hidden-desktop elementor-hidden-laptop elementor-hidden-tablet_extra elementor-hidden-tablet elementor-hidden-mobile_extra elementor-hidden-mobile elementor-section-height-default elementor-section-height-default\" data-id=\"aaad104\" data-element_type=\"section\">\n\t\t\t\t\t\t<div class=\"elementor-container elementor-column-gap-default\">\n\t\t\t\t\t<div class=\"elementor-column elementor-col-100 elementor-inner-column elementor-element elementor-element-31801e6c\" data-id=\"31801e6c\" data-element_type=\"column\">\n\t\t\t<div class=\"elementor-widget-wrap elementor-element-populated\">\n\t\t\t\t\t\t<div class=\"elementor-element elementor-element-13460550 elementor-position-top elementor-widget elementor-widget-image-box\" data-id=\"13460550\" data-element_type=\"widget\" data-widget_type=\"image-box.default\">\n\t\t\t\t<div class=\"elementor-widget-container\">\n\t\t\t<style>.elementor-widget-image-box .elementor-image-box-content{width:100%}@media (min-width:768px){.elementor-widget-image-box.elementor-position-left .elementor-image-box-wrapper,.elementor-widget-image-box.elementor-position-right .elementor-image-box-wrapper{display:flex}.elementor-widget-image-box.elementor-position-right .elementor-image-box-wrapper{text-align:right;flex-direction:row-reverse}.elementor-widget-image-box.elementor-position-left .elementor-image-box-wrapper{text-align:left;flex-direction:row}.elementor-widget-image-box.elementor-position-top .elementor-image-box-img{margin:auto}.elementor-widget-image-box.elementor-vertical-align-top .elementor-image-box-wrapper{align-items:flex-start}.elementor-widget-image-box.elementor-vertical-align-middle .elementor-image-box-wrapper{align-items:center}.elementor-widget-image-box.elementor-vertical-align-bottom .elementor-image-box-wrapper{align-items:flex-end}}@media (max-width:767px){.elementor-widget-image-box .elementor-image-box-img{margin-left:auto!important;margin-right:auto!important;margin-bottom:15px}}.elementor-widget-image-box .elementor-image-box-img{display:inline-block}.elementor-widget-image-box .elementor-image-box-title a{color:inherit}.elementor-widget-image-box .elementor-image-box-wrapper{text-align:center}.elementor-widget-image-box .elementor-image-box-description{margin:0}<\/style><div class=\"elementor-image-box-wrapper\"><figure class=\"elementor-image-box-img\"><img fetchpriority=\"high\" decoding=\"async\" width=\"300\" height=\"300\" src=\"https:\/\/webtest.sensobright.com\/wp-content\/uploads\/2023\/09\/Cem-Soysal-300x300.jpg\" class=\"attachment-medium size-medium wp-image-6416\" alt=\"\" srcset=\"https:\/\/webtest.sensobright.com\/wp-content\/uploads\/2023\/09\/Cem-Soysal-300x300.jpg 300w, https:\/\/webtest.sensobright.com\/wp-content\/uploads\/2023\/09\/Cem-Soysal-150x150.jpg 150w, https:\/\/webtest.sensobright.com\/wp-content\/uploads\/2023\/09\/Cem-Soysal.jpg 420w\" sizes=\"(max-width: 300px) 100vw, 300px\" \/><\/figure><div class=\"elementor-image-box-content\"><h3 class=\"elementor-image-box-title\">Cem Soysal<\/h3><\/div><\/div>\t\t<\/div>\n\t\t\t\t<\/div>\n\t\t\t\t<div class=\"elementor-element elementor-element-247eeda3 elementor-widget elementor-widget-text-editor\" data-id=\"247eeda3\" data-element_type=\"widget\" data-widget_type=\"text-editor.default\">\n\t\t\t\t<div class=\"elementor-widget-container\">\n\t\t\t<style>\/*! elementor - v3.20.0 - 13-03-2024 *\/\n.elementor-widget-text-editor.elementor-drop-cap-view-stacked .elementor-drop-cap{background-color:#69727d;color:#fff}.elementor-widget-text-editor.elementor-drop-cap-view-framed .elementor-drop-cap{color:#69727d;border:3px solid;background-color:transparent}.elementor-widget-text-editor:not(.elementor-drop-cap-view-default) .elementor-drop-cap{margin-top:8px}.elementor-widget-text-editor:not(.elementor-drop-cap-view-default) .elementor-drop-cap-letter{width:1em;height:1em}.elementor-widget-text-editor .elementor-drop-cap{float:left;text-align:center;line-height:1;font-size:50px}.elementor-widget-text-editor .elementor-drop-cap-letter{display:inline-block}<\/style>\t\t\t\t<p>Cem Soysal is the CEO of \u0130nventram Teknoloji Yat\u0131r\u0131mlar\u0131 A.\u015e since 2010, Corporate Venture Capital arm of Ko\u00e7 Group, the largest conglomerate of Turkey. Soysal has been taking on various senior management roles in the information technology industry for 26 years. He worked as a CEO at Vestel Group, Do\u011fan Online Companies and Fujitsu Siemens Turkey. After graduating from Kad\u0131k\u00f6y Anatolian High School, he received his B.S. degree in Civil Engineering from ITU, M.S. degree in Computer Science from Pace University \/ USA and a Marketing Management degree from Columbia University \/ USA. He has been on the Executive Boards of several USA &amp; Turkey based companies and institutions including KWORKS Entrepreneurship Center, Galata Business Angels, Galatasaray SK General Assembly, ITU Alumni Association and GYIAD.<br \/>Cem Soysal received \u201cTop Young Platinum Managers of Turkey\u201d award in 2000 by Platin Magazine and was selected as one of the \u201c25 Most Influential Business Leaders in Turkey\u201d along with names like Ali Sabac\u0131 and Emre Kurttepeli, by Do\u011fan Group&#8217;s Start-Up Magazine in 2016. Soysal speaks English and French.<\/p>\t\t\t\t\t\t<\/div>\n\t\t\t\t<\/div>\n\t\t\t\t\t<\/div>\n\t\t<\/div>\n\t\t\t\t\t<\/div>\n\t\t<\/section>\n\t\t\t\t<section class=\"elementor-section elementor-inner-section elementor-element elementor-element-9182507 elementor-section-full_width elementor-hidden-widescreen elementor-hidden-desktop elementor-hidden-laptop elementor-hidden-tablet_extra elementor-hidden-tablet elementor-hidden-mobile_extra elementor-hidden-mobile elementor-section-height-default elementor-section-height-default\" data-id=\"9182507\" data-element_type=\"section\">\n\t\t\t\t\t\t<div class=\"elementor-container elementor-column-gap-default\">\n\t\t\t\t\t<div class=\"elementor-column elementor-col-100 elementor-inner-column elementor-element elementor-element-1cb6f79\" data-id=\"1cb6f79\" data-element_type=\"column\">\n\t\t\t<div class=\"elementor-widget-wrap elementor-element-populated\">\n\t\t\t\t\t\t<div class=\"elementor-element elementor-element-336eab7 elementor-position-top elementor-widget elementor-widget-image-box\" data-id=\"336eab7\" data-element_type=\"widget\" data-widget_type=\"image-box.default\">\n\t\t\t\t<div class=\"elementor-widget-container\">\n\t\t\t<div class=\"elementor-image-box-wrapper\"><figure class=\"elementor-image-box-img\"><img decoding=\"async\" width=\"291\" height=\"300\" src=\"https:\/\/webtest.sensobright.com\/wp-content\/uploads\/2024\/01\/samir-deliormanli-291x300.jpg\" class=\"attachment-medium size-medium wp-image-6683\" alt=\"\" srcset=\"https:\/\/webtest.sensobright.com\/wp-content\/uploads\/2024\/01\/samir-deliormanli-291x300.jpg 291w, https:\/\/webtest.sensobright.com\/wp-content\/uploads\/2024\/01\/samir-deliormanli.jpg 354w\" sizes=\"(max-width: 291px) 100vw, 291px\" \/><\/figure><div class=\"elementor-image-box-content\"><h3 class=\"elementor-image-box-title\">Samir Deliormanli<\/h3><p class=\"elementor-image-box-description\">Treasurer\/Istanbul Branch Manager<\/p><\/div><\/div>\t\t<\/div>\n\t\t\t\t<\/div>\n\t\t\t\t<div class=\"elementor-element elementor-element-0fef144 elementor-widget elementor-widget-text-editor\" data-id=\"0fef144\" data-element_type=\"widget\" data-widget_type=\"text-editor.default\">\n\t\t\t\t<div class=\"elementor-widget-container\">\n\t\t\t\t\t\t\t\t\t\t\t\t\t<\/div>\n\t\t\t\t<\/div>\n\t\t\t\t\t<\/div>\n\t\t<\/div>\n\t\t\t\t\t<\/div>\n\t\t<\/section>\n\t\t\t\t<section class=\"elementor-section elementor-inner-section elementor-element elementor-element-bad63f6 elementor-section-full_width elementor-section-height-default elementor-section-height-default\" data-id=\"bad63f6\" data-element_type=\"section\">\n\t\t\t\t\t\t<div class=\"elementor-container elementor-column-gap-default\">\n\t\t\t\t\t<div class=\"elementor-column elementor-col-100 elementor-inner-column elementor-element elementor-element-afa0f5e\" data-id=\"afa0f5e\" data-element_type=\"column\">\n\t\t\t<div class=\"elementor-widget-wrap elementor-element-populated\">\n\t\t\t\t\t\t<div class=\"elementor-element elementor-element-7dd0d2d elementor-position-top elementor-widget elementor-widget-image-box\" data-id=\"7dd0d2d\" data-element_type=\"widget\" data-widget_type=\"image-box.default\">\n\t\t\t\t<div class=\"elementor-widget-container\">\n\t\t\t<div class=\"elementor-image-box-wrapper\"><figure class=\"elementor-image-box-img\"><img decoding=\"async\" width=\"247\" height=\"256\" src=\"https:\/\/webtest.sensobright.com\/wp-content\/uploads\/2024\/01\/huseyin-ugur.jpg\" class=\"attachment-medium size-medium wp-image-6690\" alt=\"\" \/><\/figure><div class=\"elementor-image-box-content\"><h3 class=\"elementor-image-box-title\">Huseyin Ugur<\/h3><p class=\"elementor-image-box-description\">Treasurer\/Istanbul Branch Manager<\/p><\/div><\/div>\t\t<\/div>\n\t\t\t\t<\/div>\n\t\t\t\t<div class=\"elementor-element elementor-element-0be149b elementor-widget elementor-widget-text-editor\" data-id=\"0be149b\" data-element_type=\"widget\" data-widget_type=\"text-editor.default\">\n\t\t\t\t<div class=\"elementor-widget-container\">\n\t\t\t\t\t\t\t\t\t\t\t\t\t<\/div>\n\t\t\t\t<\/div>\n\t\t\t\t\t<\/div>\n\t\t<\/div>\n\t\t\t\t\t<\/div>\n\t\t<\/section>\n\t\t\t\t<section class=\"elementor-section elementor-inner-section elementor-element elementor-element-88e0858 elementor-section-full_width elementor-section-height-default elementor-section-height-default\" data-id=\"88e0858\" data-element_type=\"section\">\n\t\t\t\t\t\t<div class=\"elementor-container elementor-column-gap-default\">\n\t\t\t\t\t<div class=\"elementor-column elementor-col-100 elementor-inner-column elementor-element elementor-element-415bb06\" data-id=\"415bb06\" data-element_type=\"column\">\n\t\t\t<div class=\"elementor-widget-wrap elementor-element-populated\">\n\t\t\t\t\t\t<div class=\"elementor-element elementor-element-24aa6fd elementor-position-top elementor-widget elementor-widget-image-box\" data-id=\"24aa6fd\" data-element_type=\"widget\" data-widget_type=\"image-box.default\">\n\t\t\t\t<div class=\"elementor-widget-container\">\n\t\t\t<div class=\"elementor-image-box-wrapper\"><figure class=\"elementor-image-box-img\"><img loading=\"lazy\" decoding=\"async\" width=\"300\" height=\"300\" src=\"https:\/\/webtest.sensobright.com\/wp-content\/uploads\/2023\/09\/Onder-Tokcalar-300x300.jpg\" class=\"attachment-medium size-medium wp-image-6418\" alt=\"\" srcset=\"https:\/\/webtest.sensobright.com\/wp-content\/uploads\/2023\/09\/Onder-Tokcalar-300x300.jpg 300w, https:\/\/webtest.sensobright.com\/wp-content\/uploads\/2023\/09\/Onder-Tokcalar-150x150.jpg 150w, https:\/\/webtest.sensobright.com\/wp-content\/uploads\/2023\/09\/Onder-Tokcalar.jpg 420w\" sizes=\"(max-width: 300px) 100vw, 300px\" \/><\/figure><div class=\"elementor-image-box-content\"><h3 class=\"elementor-image-box-title\">Onder Tokcalar<\/h3><\/div><\/div>\t\t<\/div>\n\t\t\t\t<\/div>\n\t\t\t\t<div class=\"elementor-element elementor-element-23499a8 elementor-widget elementor-widget-text-editor\" data-id=\"23499a8\" data-element_type=\"widget\" data-widget_type=\"text-editor.default\">\n\t\t\t\t<div class=\"elementor-widget-container\">\n\t\t\t\t\t\t\t<p>Onder contributes the team with his experience of state-of-art automotive electronics, robotics, digital sensing as well as project management of varying technology levels. He serves his skills for product customization and commercialization. In his engineering carrier of 20 years, he has leaded and accomplished a considerable aspect of multinational collaborative projects with cobots, autonomous mobile robotics, dexterous grippers, advanced control techniques and industrial image processing. Not only the professional background but also the publications he is involved help him establish the bridge between industrial and academical approaches.<\/p>\t\t\t\t\t\t<\/div>\n\t\t\t\t<\/div>\n\t\t\t\t\t<\/div>\n\t\t<\/div>\n\t\t\t\t\t<\/div>\n\t\t<\/section>\n\t\t\t\t<section class=\"elementor-section elementor-inner-section elementor-element elementor-element-3838844 elementor-section-full_width elementor-section-height-default elementor-section-height-default\" data-id=\"3838844\" data-element_type=\"section\">\n\t\t\t\t\t\t<div class=\"elementor-container elementor-column-gap-default\">\n\t\t\t\t\t<div class=\"elementor-column elementor-col-100 elementor-inner-column elementor-element elementor-element-a0d7541\" data-id=\"a0d7541\" data-element_type=\"column\">\n\t\t\t<div class=\"elementor-widget-wrap elementor-element-populated\">\n\t\t\t\t\t\t<div class=\"elementor-element elementor-element-b4af625 elementor-position-top elementor-widget elementor-widget-image-box\" data-id=\"b4af625\" data-element_type=\"widget\" data-widget_type=\"image-box.default\">\n\t\t\t\t<div class=\"elementor-widget-container\">\n\t\t\t<div class=\"elementor-image-box-wrapper\"><figure class=\"elementor-image-box-img\"><img loading=\"lazy\" decoding=\"async\" width=\"300\" height=\"300\" src=\"https:\/\/webtest.sensobright.com\/wp-content\/uploads\/2023\/09\/Server-Agirman-300x300.jpg\" class=\"attachment-medium size-medium wp-image-6428\" alt=\"\" srcset=\"https:\/\/webtest.sensobright.com\/wp-content\/uploads\/2023\/09\/Server-Agirman-300x300.jpg 300w, https:\/\/webtest.sensobright.com\/wp-content\/uploads\/2023\/09\/Server-Agirman-150x150.jpg 150w, https:\/\/webtest.sensobright.com\/wp-content\/uploads\/2023\/09\/Server-Agirman.jpg 420w\" sizes=\"(max-width: 300px) 100vw, 300px\" \/><\/figure><div class=\"elementor-image-box-content\"><h3 class=\"elementor-image-box-title\">Server Agirman<\/h3><\/div><\/div>\t\t<\/div>\n\t\t\t\t<\/div>\n\t\t\t\t<div class=\"elementor-element elementor-element-87d2092 elementor-widget elementor-widget-text-editor\" data-id=\"87d2092\" data-element_type=\"widget\" data-widget_type=\"text-editor.default\">\n\t\t\t\t<div class=\"elementor-widget-container\">\n\t\t\t\t\t\t\t<p>Server is a seasoned venture and strategy executive who invests in, builds, and scales startups and new businesses in Mobility, Energy, and Automation. He has a track record of launching and growing innovative ventures, such as a digital energy distribution system (ECC) -that enables customers to transition to clean energy, and eIQ Mobility -a SAAS platform for electric mobility (acquired by NextEra). He also led Mitsubishi Electric\u2019s Automotive venturing division in Silicon Valley. <br \/>Server is driven by his passion for technology and innovation. He loves kitesurfing and skiing and travels the world to experience different cultures.<\/p>\t\t\t\t\t\t<\/div>\n\t\t\t\t<\/div>\n\t\t\t\t\t<\/div>\n\t\t<\/div>\n\t\t\t\t\t<\/div>\n\t\t<\/section>\n\t\t\t\t<section class=\"elementor-section elementor-inner-section elementor-element elementor-element-3db96dd elementor-section-full_width elementor-section-height-default elementor-section-height-default\" data-id=\"3db96dd\" data-element_type=\"section\">\n\t\t\t\t\t\t<div class=\"elementor-container elementor-column-gap-default\">\n\t\t\t\t\t<div class=\"elementor-column elementor-col-100 elementor-inner-column elementor-element elementor-element-7acd342\" data-id=\"7acd342\" data-element_type=\"column\">\n\t\t\t<div class=\"elementor-widget-wrap elementor-element-populated\">\n\t\t\t\t\t\t<div class=\"elementor-element elementor-element-e90feb5 elementor-position-top elementor-widget elementor-widget-image-box\" data-id=\"e90feb5\" data-element_type=\"widget\" data-widget_type=\"image-box.default\">\n\t\t\t\t<div class=\"elementor-widget-container\">\n\t\t\t<div class=\"elementor-image-box-wrapper\"><figure class=\"elementor-image-box-img\"><img loading=\"lazy\" decoding=\"async\" width=\"300\" height=\"300\" src=\"https:\/\/webtest.sensobright.com\/wp-content\/uploads\/2023\/09\/David-Cook-300x300.jpg\" class=\"attachment-medium size-medium wp-image-6419\" alt=\"\" srcset=\"https:\/\/webtest.sensobright.com\/wp-content\/uploads\/2023\/09\/David-Cook-300x300.jpg 300w, https:\/\/webtest.sensobright.com\/wp-content\/uploads\/2023\/09\/David-Cook-150x150.jpg 150w, https:\/\/webtest.sensobright.com\/wp-content\/uploads\/2023\/09\/David-Cook.jpg 420w\" sizes=\"(max-width: 300px) 100vw, 300px\" \/><\/figure><div class=\"elementor-image-box-content\"><h3 class=\"elementor-image-box-title\">Dr. David Cook, MD<\/h3><\/div><\/div>\t\t<\/div>\n\t\t\t\t<\/div>\n\t\t\t\t<div class=\"elementor-element elementor-element-26ccff6 elementor-widget elementor-widget-text-editor\" data-id=\"26ccff6\" data-element_type=\"widget\" data-widget_type=\"text-editor.default\">\n\t\t\t\t<div class=\"elementor-widget-container\">\n\t\t\t\t\t\t\t<p>Dr. David Cook, MD is a general surgery specialist and Director of Surgical Education in Providence St Vincent Medical Center (Portland, Oregon) who has over 38 years of experience in the medical field. He graduated from Oregon Health And Science University School Of Medicine in 1984. He is a member of several organizations, including the North Pacific Surgical Society, Portland Surgical Society and the Oregon College of Surgeons. He is also a member of the American Medical Association and a fellow of the American College of Surgeons. He is mentor of medical students, surgical residents and junior staff.<br \/>Dr. Cook focuses on colorectal cancer, hernia repair and diseases relating to the gallbladder and thyroid. He has seen and participated in the remarkable laparoscopic techniques and instrumentation throughout his career. In his role as Medical Director, He evaluates new technologies and methods prior to \u201croll out\u201d.<\/p>\t\t\t\t\t\t<\/div>\n\t\t\t\t<\/div>\n\t\t\t\t\t<\/div>\n\t\t<\/div>\n\t\t\t\t\t<\/div>\n\t\t<\/section>\n\t\t\t\t\t<\/div>\n\t\t<\/div>\n\t\t\t\t\t<\/div>\n\t\t<\/section>\n\t\t\t\t<\/div>\n\t\t","protected":false},"excerpt":{"rendered":"<p>advisory board Cem Soysal Cem Soysal is the CEO of \u0130nventram Teknoloji Yat\u0131r\u0131mlar\u0131 A.\u015e since 2010, Corporate Venture Capital arm of Ko\u00e7 Group, the largest conglomerate of Turkey. Soysal has been taking on various senior management roles in the information technology industry for 26 years. He worked as a CEO at Vestel Group, Do\u011fan Online<\/p>\n","protected":false},"author":1,"featured_media":0,"parent":0,"menu_order":0,"comment_status":"closed","ping_status":"closed","template":"elementor_header_footer","meta":{"footnotes":""},"class_list":["post-6404","page","type-page","status-publish","hentry"],"_links":{"self":[{"href":"https:\/\/webtest.sensobright.com\/index.php\/wp-json\/wp\/v2\/pages\/6404","targetHints":{"allow":["GET"]}}],"collection":[{"href":"https:\/\/webtest.sensobright.com\/index.php\/wp-json\/wp\/v2\/pages"}],"about":[{"href":"https:\/\/webtest.sensobright.com\/index.php\/wp-json\/wp\/v2\/types\/page"}],"author":[{"embeddable":true,"href":"https:\/\/webtest.sensobright.com\/index.php\/wp-json\/wp\/v2\/users\/1"}],"replies":[{"embeddable":true,"href":"https:\/\/webtest.sensobright.com\/index.php\/wp-json\/wp\/v2\/comments?post=6404"}],"version-history":[{"count":49,"href":"https:\/\/webtest.sensobright.com\/index.php\/wp-json\/wp\/v2\/pages\/6404\/revisions"}],"predecessor-version":[{"id":6700,"href":"https:\/\/webtest.sensobright.com\/index.php\/wp-json\/wp\/v2\/pages\/6404\/revisions\/6700"}],"wp:attachment":[{"href":"https:\/\/webtest.sensobright.com\/index.php\/wp-json\/wp\/v2\/media?parent=6404"}],"curies":[{"name":"wp","href":"https:\/\/api.w.org\/{rel}","templated":true}]}}